{"id":1990,"date":"2024-04-29T11:25:51","date_gmt":"2024-04-29T11:25:51","guid":{"rendered":"https:\/\/macadecastro.com\/nueva\/cookies-politik\/"},"modified":"2024-04-29T18:16:40","modified_gmt":"2024-04-29T18:16:40","slug":"cookies-politik","status":"publish","type":"page","link":"https:\/\/macadecastro.com\/de\/cookies-politik\/","title":{"rendered":"Cookies-Politik"},"content":{"rendered":"\t\t<div data-elementor-type=\"wp-page\" data-elementor-id=\"1990\" class=\"elementor elementor-1990 elementor-1652\" data-elementor-post-type=\"page\">\n\t\t\t\t<div class=\"elementor-element elementor-element-687aa3ac e-con-full e-flex e-con e-child\" data-id=\"687aa3ac\" data-element_type=\"container\">\n\t\t<div class=\"elementor-element elementor-element-4b578175 e-con-full e-flex e-con e-child\" data-id=\"4b578175\" data-element_type=\"container\">\n\t\t<div class=\"elementor-element elementor-element-7be66366 e-con-full e-flex e-con e-child\" data-id=\"7be66366\" data-element_type=\"container\" data-settings=\"{&quot;background_background&quot;:&quot;classic&quot;}\">\n\t\t\t\t<div class=\"elementor-element elementor-element-568be93 elementor-widget elementor-widget-image\" data-id=\"568be93\" data-element_type=\"widget\" data-settings=\"{&quot;sticky&quot;:&quot;top&quot;,&quot;sticky_on&quot;:[&quot;desktop&quot;],&quot;sticky_offset&quot;:0,&quot;sticky_effects_offset&quot;:0,&quot;sticky_anchor_link_offset&quot;:0}\" data-widget_type=\"image.default\">\n\t\t\t\t<div class=\"elementor-widget-container\">\n\t\t\t\t\t\t\t\t\t\t\t\t\t\t\t<img fetchpriority=\"high\" decoding=\"async\" width=\"1512\" height=\"1964\" src=\"https:\/\/macadecastro.com\/wp-content\/uploads\/2024\/04\/31082023-_DSC3003-1-1.png\" class=\"attachment-full size-full wp-image-2003\" alt=\"\" srcset=\"https:\/\/macadecastro.com\/wp-content\/uploads\/2024\/04\/31082023-_DSC3003-1-1.png 1512w, https:\/\/macadecastro.com\/wp-content\/uploads\/2024\/04\/31082023-_DSC3003-1-1-231x300.png 231w, https:\/\/macadecastro.com\/wp-content\/uploads\/2024\/04\/31082023-_DSC3003-1-1-788x1024.png 788w, https:\/\/macadecastro.com\/wp-content\/uploads\/2024\/04\/31082023-_DSC3003-1-1-115x150.png 115w, https:\/\/macadecastro.com\/wp-content\/uploads\/2024\/04\/31082023-_DSC3003-1-1-768x998.png 768w, https:\/\/macadecastro.com\/wp-content\/uploads\/2024\/04\/31082023-_DSC3003-1-1-1183x1536.png 1183w\" sizes=\"(max-width: 1512px) 100vw, 1512px\" \/>\t\t\t\t\t\t\t\t\t\t\t\t\t\t\t<\/div>\n\t\t\t\t<\/div>\n\t\t\t\t<\/div>\n\t\t<div class=\"elementor-element elementor-element-7ee4205c e-con-full e-flex e-con e-child\" data-id=\"7ee4205c\" data-element_type=\"container\">\n\t\t\t\t<div class=\"elementor-element elementor-element-55e57f0a elementor-widget elementor-widget-heading\" data-id=\"55e57f0a\" data-element_type=\"widget\" data-widget_type=\"heading.default\">\n\t\t\t\t<div class=\"elementor-widget-container\">\n\t\t\t\t\t<h2 class=\"elementor-heading-title elementor-size-default\">Cookies-Politik<\/h2>\t\t\t\t<\/div>\n\t\t\t\t<\/div>\n\t\t\t\t<div class=\"elementor-element elementor-element-30afd9f elementor-widget elementor-widget-text-editor\" data-id=\"30afd9f\" data-element_type=\"widget\" data-widget_type=\"text-editor.default\">\n\t\t\t\t<div class=\"elementor-widget-container\">\n\t\t\t\t\t\t\t\t\t<div class=\"reservations__content\">\n<article>\n<div class=\"reservations__content\">\n<article>\n<p>Ein Cookie ist eine Datei, die auf Ihren Computer heruntergeladen wird, wenn Sie bestimmte Webseiten aufrufen. Cookies erm\u00f6glichen es einer Website unter anderem, Informationen \u00fcber die Surfgewohnheiten eines Nutzers oder seines Ger\u00e4ts zu speichern und abzurufen, und je nach den enthaltenen Informationen und der Art und Weise, wie er sein Ger\u00e4t benutzt, k\u00f6nnen sie zur Wiedererkennung des Nutzers verwendet werden. Cookies sind f\u00fcr das Funktionieren des Internets unerl\u00e4sslich und bieten zahlreiche Vorteile bei der Bereitstellung interaktiver Dienste, die die Navigation und die Benutzerfreundlichkeit unserer Website erleichtern.<\/p>\n<p>Gem\u00e4\u00df den Bestimmungen von Artikel 22.2 des Gesetzes 34\/2002 vom 11. Juli \u00fcber die Dienste der Informationsgesellschaft und den elektronischen Handel (LSSI-CE), <span class=\"black\">FAMILY CASTRO &amp; MARTIN S.L.<\/span> informiert, dass es sich bei den auf unserer Website verwendeten Cookies um technische und\/oder Sitzungscookies handelt, f\u00fcr die keine Zustimmung der Nutzer erforderlich ist. Ebenso informiert <span class=\"black\">FAMILY CASTRO &amp; MARTIN S.L.<\/span> informiert den Nutzer dar\u00fcber, dass er die M\u00f6glichkeit hat, seinen Browser so zu konfigurieren, dass er \u00fcber den Empfang von Cookies informiert wird, und dass er, wenn er dies w\u00fcnscht, deren Installation auf seiner Festplatte verhindern kann.<\/p>\n<p>Im Folgenden finden Sie Links zu verschiedenen Browsern, mit denen Sie diese Einstellungen vornehmen k\u00f6nnen:<\/p>\n<p>Firefox desde <a href=\"https:\/\/support.mozilla.org\/es\/kb\/habilitar-y-deshabilitar-cookies-que-los-sitios-we\" target=\"_blank\" rel=\"noopener\">aqu\u00ed<\/a><br \/>Chrome desde <a href=\"https:\/\/support.google.com\/chrome\/bin\/answer.py?hl=es&amp;answer=95647\" target=\"_blank\" rel=\"noopener\">aqu\u00ed<\/a><br \/>Explorer desde <a href=\"https:\/\/windows.microsoft.com\/es-es\/internet-explorer\/delete-manage-cookies#ie=ie-10\" target=\"_blank\" rel=\"noopener\">aqu\u00ed<\/a><br \/>Safari desde <a href=\"https:\/\/support.apple.com\/kb\/ph5042\" target=\"_blank\" rel=\"noopener\">aqu\u00ed<\/a><\/p>\n<\/article>\n<\/div>\n<\/article>\n<\/div>\n\t\t\t\t\t\t\t\t<\/div>\n\t\t\t\t<\/div>\n\t\t\t\t<\/div>\n\t\t\t\t<\/div>\n\t\t\t\t<\/div>\n\t\t\t\t<\/div>\n\t\t","protected":false},"excerpt":{"rendered":"<p>Cookies-Politik Ein Cookie ist eine Datei, die auf Ihren Computer heruntergeladen wird, wenn Sie bestimmte Webseiten aufrufen. Cookies erm\u00f6glichen es einer Website unter anderem, Informationen \u00fcber die Surfgewohnheiten eines Nutzers oder seines Ger\u00e4ts zu speichern und abzurufen, und je nach den enthaltenen Informationen und der Art und Weise, wie er sein Ger\u00e4t benutzt, k\u00f6nnen sie [&hellip;]<\/p>\n","protected":false},"author":1,"featured_media":0,"parent":0,"menu_order":0,"comment_status":"closed","ping_status":"closed","template":"","meta":{"footnotes":""},"class_list":["post-1990","page","type-page","status-publish","hentry"],"yoast_head":"<!-- This site is optimized with the Yoast SEO plugin v26.3 - https:\/\/yoast.com\/wordpress\/plugins\/seo\/ -->\n<title>Cookies-Politik | Maca de Castro<\/title>\n<meta name=\"robots\" content=\"index, follow, max-snippet:-1, max-image-preview:large, max-video-preview:-1\" \/>\n<link rel=\"canonical\" href=\"https:\/\/macadecastro.com\/de\/cookies-politik\/\" \/>\n<meta property=\"og:locale\" content=\"de_DE\" \/>\n<meta property=\"og:type\" content=\"article\" \/>\n<meta property=\"og:title\" content=\"Cookies-Politik | Maca de Castro\" \/>\n<meta property=\"og:description\" content=\"Cookies-Politik Ein Cookie ist eine Datei, die auf Ihren Computer heruntergeladen wird, wenn Sie bestimmte Webseiten aufrufen. Cookies erm\u00f6glichen es einer Website unter anderem, Informationen \u00fcber die Surfgewohnheiten eines Nutzers oder seines Ger\u00e4ts zu speichern und abzurufen, und je nach den enthaltenen Informationen und der Art und Weise, wie er sein Ger\u00e4t benutzt, k\u00f6nnen sie [&hellip;]\" \/>\n<meta property=\"og:url\" content=\"https:\/\/macadecastro.com\/de\/cookies-politik\/\" \/>\n<meta property=\"og:site_name\" content=\"Maca de Castro\" \/>\n<meta property=\"article:modified_time\" content=\"2024-04-29T18:16:40+00:00\" \/>\n<meta property=\"og:image\" content=\"https:\/\/macadecastro.com\/wp-content\/uploads\/2024\/04\/31082023-_DSC3003-1-1.png\" \/>\n<meta name=\"twitter:card\" content=\"summary_large_image\" \/>\n<script type=\"application\/ld+json\" class=\"yoast-schema-graph\">{\"@context\":\"https:\/\/schema.org\",\"@graph\":[{\"@type\":\"WebPage\",\"@id\":\"https:\/\/macadecastro.com\/de\/cookies-politik\/\",\"url\":\"https:\/\/macadecastro.com\/de\/cookies-politik\/\",\"name\":\"Cookies-Politik | Maca de Castro\",\"isPartOf\":{\"@id\":\"https:\/\/macadecastro.com\/de\/#website\"},\"primaryImageOfPage\":{\"@id\":\"https:\/\/macadecastro.com\/de\/cookies-politik\/#primaryimage\"},\"image\":{\"@id\":\"https:\/\/macadecastro.com\/de\/cookies-politik\/#primaryimage\"},\"thumbnailUrl\":\"https:\/\/macadecastro.com\/wp-content\/uploads\/2024\/04\/31082023-_DSC3003-1-1.png\",\"datePublished\":\"2024-04-29T11:25:51+00:00\",\"dateModified\":\"2024-04-29T18:16:40+00:00\",\"breadcrumb\":{\"@id\":\"https:\/\/macadecastro.com\/de\/cookies-politik\/#breadcrumb\"},\"inLanguage\":\"de\",\"potentialAction\":[{\"@type\":\"ReadAction\",\"target\":[\"https:\/\/macadecastro.com\/de\/cookies-politik\/\"]}]},{\"@type\":\"ImageObject\",\"inLanguage\":\"de\",\"@id\":\"https:\/\/macadecastro.com\/de\/cookies-politik\/#primaryimage\",\"url\":\"https:\/\/macadecastro.com\/wp-content\/uploads\/2024\/04\/31082023-_DSC3003-1-1.png\",\"contentUrl\":\"https:\/\/macadecastro.com\/wp-content\/uploads\/2024\/04\/31082023-_DSC3003-1-1.png\"},{\"@type\":\"BreadcrumbList\",\"@id\":\"https:\/\/macadecastro.com\/de\/cookies-politik\/#breadcrumb\",\"itemListElement\":[{\"@type\":\"ListItem\",\"position\":1,\"name\":\"Portada\",\"item\":\"https:\/\/macadecastro.com\/de\/startseite\/\"},{\"@type\":\"ListItem\",\"position\":2,\"name\":\"Cookies-Politik\"}]},{\"@type\":\"WebSite\",\"@id\":\"https:\/\/macadecastro.com\/de\/#website\",\"url\":\"https:\/\/macadecastro.com\/de\/\",\"name\":\"Restaurante Maca de Castro\",\"description\":\"Restaurante gastron\u00f3mico en el Puerto de Alc\u00fadia de la chef Maca de Castro\",\"publisher\":{\"@id\":\"https:\/\/macadecastro.com\/de\/#organization\"},\"potentialAction\":[{\"@type\":\"SearchAction\",\"target\":{\"@type\":\"EntryPoint\",\"urlTemplate\":\"https:\/\/macadecastro.com\/de\/?s={search_term_string}\"},\"query-input\":{\"@type\":\"PropertyValueSpecification\",\"valueRequired\":true,\"valueName\":\"search_term_string\"}}],\"inLanguage\":\"de\"},{\"@type\":\"Organization\",\"@id\":\"https:\/\/macadecastro.com\/de\/#organization\",\"name\":\"Restaurante Maca de Castro\",\"url\":\"https:\/\/macadecastro.com\/de\/\",\"logo\":{\"@type\":\"ImageObject\",\"inLanguage\":\"de\",\"@id\":\"https:\/\/macadecastro.com\/de\/#\/schema\/logo\/image\/\",\"url\":\"https:\/\/macadecastro.com\/wp-content\/uploads\/2024\/04\/Group-54.png\",\"contentUrl\":\"https:\/\/macadecastro.com\/wp-content\/uploads\/2024\/04\/Group-54.png\",\"width\":500,\"height\":45,\"caption\":\"Restaurante Maca de Castro\"},\"image\":{\"@id\":\"https:\/\/macadecastro.com\/de\/#\/schema\/logo\/image\/\"}}]}<\/script>\n<!-- \/ Yoast SEO plugin. -->","yoast_head_json":{"title":"Cookies-Politik | Maca de Castro","robots":{"index":"index","follow":"follow","max-snippet":"max-snippet:-1","max-image-preview":"max-image-preview:large","max-video-preview":"max-video-preview:-1"},"canonical":"https:\/\/macadecastro.com\/de\/cookies-politik\/","og_locale":"de_DE","og_type":"article","og_title":"Cookies-Politik | Maca de Castro","og_description":"Cookies-Politik Ein Cookie ist eine Datei, die auf Ihren Computer heruntergeladen wird, wenn Sie bestimmte Webseiten aufrufen. Cookies erm\u00f6glichen es einer Website unter anderem, Informationen \u00fcber die Surfgewohnheiten eines Nutzers oder seines Ger\u00e4ts zu speichern und abzurufen, und je nach den enthaltenen Informationen und der Art und Weise, wie er sein Ger\u00e4t benutzt, k\u00f6nnen sie [&hellip;]","og_url":"https:\/\/macadecastro.com\/de\/cookies-politik\/","og_site_name":"Maca de Castro","article_modified_time":"2024-04-29T18:16:40+00:00","og_image":[{"url":"https:\/\/macadecastro.com\/wp-content\/uploads\/2024\/04\/31082023-_DSC3003-1-1.png","type":"","width":"","height":""}],"twitter_card":"summary_large_image","schema":{"@context":"https:\/\/schema.org","@graph":[{"@type":"WebPage","@id":"https:\/\/macadecastro.com\/de\/cookies-politik\/","url":"https:\/\/macadecastro.com\/de\/cookies-politik\/","name":"Cookies-Politik | Maca de Castro","isPartOf":{"@id":"https:\/\/macadecastro.com\/de\/#website"},"primaryImageOfPage":{"@id":"https:\/\/macadecastro.com\/de\/cookies-politik\/#primaryimage"},"image":{"@id":"https:\/\/macadecastro.com\/de\/cookies-politik\/#primaryimage"},"thumbnailUrl":"https:\/\/macadecastro.com\/wp-content\/uploads\/2024\/04\/31082023-_DSC3003-1-1.png","datePublished":"2024-04-29T11:25:51+00:00","dateModified":"2024-04-29T18:16:40+00:00","breadcrumb":{"@id":"https:\/\/macadecastro.com\/de\/cookies-politik\/#breadcrumb"},"inLanguage":"de","potentialAction":[{"@type":"ReadAction","target":["https:\/\/macadecastro.com\/de\/cookies-politik\/"]}]},{"@type":"ImageObject","inLanguage":"de","@id":"https:\/\/macadecastro.com\/de\/cookies-politik\/#primaryimage","url":"https:\/\/macadecastro.com\/wp-content\/uploads\/2024\/04\/31082023-_DSC3003-1-1.png","contentUrl":"https:\/\/macadecastro.com\/wp-content\/uploads\/2024\/04\/31082023-_DSC3003-1-1.png"},{"@type":"BreadcrumbList","@id":"https:\/\/macadecastro.com\/de\/cookies-politik\/#breadcrumb","itemListElement":[{"@type":"ListItem","position":1,"name":"Portada","item":"https:\/\/macadecastro.com\/de\/startseite\/"},{"@type":"ListItem","position":2,"name":"Cookies-Politik"}]},{"@type":"WebSite","@id":"https:\/\/macadecastro.com\/de\/#website","url":"https:\/\/macadecastro.com\/de\/","name":"Restaurante Maca de Castro","description":"Restaurante gastron\u00f3mico en el Puerto de Alc\u00fadia de la chef Maca de Castro","publisher":{"@id":"https:\/\/macadecastro.com\/de\/#organization"},"potentialAction":[{"@type":"SearchAction","target":{"@type":"EntryPoint","urlTemplate":"https:\/\/macadecastro.com\/de\/?s={search_term_string}"},"query-input":{"@type":"PropertyValueSpecification","valueRequired":true,"valueName":"search_term_string"}}],"inLanguage":"de"},{"@type":"Organization","@id":"https:\/\/macadecastro.com\/de\/#organization","name":"Restaurante Maca de Castro","url":"https:\/\/macadecastro.com\/de\/","logo":{"@type":"ImageObject","inLanguage":"de","@id":"https:\/\/macadecastro.com\/de\/#\/schema\/logo\/image\/","url":"https:\/\/macadecastro.com\/wp-content\/uploads\/2024\/04\/Group-54.png","contentUrl":"https:\/\/macadecastro.com\/wp-content\/uploads\/2024\/04\/Group-54.png","width":500,"height":45,"caption":"Restaurante Maca de Castro"},"image":{"@id":"https:\/\/macadecastro.com\/de\/#\/schema\/logo\/image\/"}}]}},"_links":{"self":[{"href":"https:\/\/macadecastro.com\/de\/wp-json\/wp\/v2\/pages\/1990","targetHints":{"allow":["GET"]}}],"collection":[{"href":"https:\/\/macadecastro.com\/de\/wp-json\/wp\/v2\/pages"}],"about":[{"href":"https:\/\/macadecastro.com\/de\/wp-json\/wp\/v2\/types\/page"}],"author":[{"embeddable":true,"href":"https:\/\/macadecastro.com\/de\/wp-json\/wp\/v2\/users\/1"}],"replies":[{"embeddable":true,"href":"https:\/\/macadecastro.com\/de\/wp-json\/wp\/v2\/comments?post=1990"}],"version-history":[{"count":0,"href":"https:\/\/macadecastro.com\/de\/wp-json\/wp\/v2\/pages\/1990\/revisions"}],"wp:attachment":[{"href":"https:\/\/macadecastro.com\/de\/wp-json\/wp\/v2\/media?parent=1990"}],"curies":[{"name":"wp","href":"https:\/\/api.w.org\/{rel}","templated":true}]}}