{"id":2045,"date":"2024-04-29T11:24:53","date_gmt":"2024-04-29T11:24:53","guid":{"rendered":"https:\/\/macadecastro.com\/nueva\/datenschutzbestimmungen\/"},"modified":"2024-04-29T18:19:16","modified_gmt":"2024-04-29T18:19:16","slug":"datenschutzbestimmungen","status":"publish","type":"page","link":"https:\/\/macadecastro.com\/de\/datenschutzbestimmungen\/","title":{"rendered":"Datenschutzbestimmungen"},"content":{"rendered":"\t\t<div data-elementor-type=\"wp-page\" data-elementor-id=\"2045\" class=\"elementor elementor-2045 elementor-1647\" data-elementor-post-type=\"page\">\n\t\t\t\t<div class=\"elementor-element elementor-element-687aa3ac e-con-full e-flex e-con e-child\" data-id=\"687aa3ac\" data-element_type=\"container\" data-e-type=\"container\">\n\t\t<div class=\"elementor-element elementor-element-4b578175 e-con-full e-flex e-con e-child\" data-id=\"4b578175\" data-element_type=\"container\" data-e-type=\"container\">\n\t\t<div class=\"elementor-element elementor-element-7be66366 e-con-full e-flex e-con e-child\" data-id=\"7be66366\" data-element_type=\"container\" data-e-type=\"container\" data-settings=\"{&quot;background_background&quot;:&quot;classic&quot;}\">\n\t\t\t\t<div class=\"elementor-element elementor-element-568be93 elementor-widget elementor-widget-image\" data-id=\"568be93\" data-element_type=\"widget\" data-e-type=\"widget\" data-settings=\"{&quot;sticky&quot;:&quot;top&quot;,&quot;sticky_on&quot;:[&quot;desktop&quot;],&quot;sticky_offset&quot;:0,&quot;sticky_effects_offset&quot;:0,&quot;sticky_anchor_link_offset&quot;:0}\" data-widget_type=\"image.default\">\n\t\t\t\t<div class=\"elementor-widget-container\">\n\t\t\t\t\t\t\t\t\t\t\t\t\t\t\t<img fetchpriority=\"high\" decoding=\"async\" width=\"1512\" height=\"1964\" src=\"https:\/\/macadecastro.com\/wp-content\/uploads\/2024\/04\/31082023-_DSC3003-1-1.png\" class=\"attachment-full size-full wp-image-2003\" alt=\"\" srcset=\"https:\/\/macadecastro.com\/wp-content\/uploads\/2024\/04\/31082023-_DSC3003-1-1.png 1512w, https:\/\/macadecastro.com\/wp-content\/uploads\/2024\/04\/31082023-_DSC3003-1-1-231x300.png 231w, https:\/\/macadecastro.com\/wp-content\/uploads\/2024\/04\/31082023-_DSC3003-1-1-788x1024.png 788w, https:\/\/macadecastro.com\/wp-content\/uploads\/2024\/04\/31082023-_DSC3003-1-1-115x150.png 115w, https:\/\/macadecastro.com\/wp-content\/uploads\/2024\/04\/31082023-_DSC3003-1-1-768x998.png 768w, https:\/\/macadecastro.com\/wp-content\/uploads\/2024\/04\/31082023-_DSC3003-1-1-1183x1536.png 1183w\" sizes=\"(max-width: 1512px) 100vw, 1512px\" \/>\t\t\t\t\t\t\t\t\t\t\t\t\t\t\t<\/div>\n\t\t\t\t<\/div>\n\t\t\t\t<\/div>\n\t\t<div class=\"elementor-element elementor-element-7ee4205c e-con-full e-flex e-con e-child\" data-id=\"7ee4205c\" data-element_type=\"container\" data-e-type=\"container\">\n\t\t\t\t<div class=\"elementor-element elementor-element-55e57f0a elementor-widget elementor-widget-heading\" data-id=\"55e57f0a\" data-element_type=\"widget\" data-e-type=\"widget\" data-widget_type=\"heading.default\">\n\t\t\t\t<div class=\"elementor-widget-container\">\n\t\t\t\t\t<h2 class=\"elementor-heading-title elementor-size-default\">Datenschutzbestimmungen<\/h2>\t\t\t\t<\/div>\n\t\t\t\t<\/div>\n\t\t\t\t<div class=\"elementor-element elementor-element-30afd9f elementor-widget elementor-widget-text-editor\" data-id=\"30afd9f\" data-element_type=\"widget\" data-e-type=\"widget\" data-widget_type=\"text-editor.default\">\n\t\t\t\t<div class=\"elementor-widget-container\">\n\t\t\t\t\t\t\t\t\t<div class=\"reservations__content\">\n<article>\n<div class=\"reservations__content\">\n<article>\n<h2 class=\"untop\">Bedingungen f\u00fcr die Nutzung<\/h2>\n<p>Gem\u00e4\u00df dem Gesetz 34\/2002 vom 11. Juli \u00fcber die Dienstleistungen der Informationsgesellschaft und den elektronischen Handel (LSSI-CE) teilt FAMILY CASTRO &amp; MARTIN SL mit, dass sie Eigent\u00fcmer der Website www.restaurantejardin.com ist. In \u00dcbereinstimmung mit den Anforderungen des Artikels 10 des oben genannten Gesetzes, FAMILY CASTRO &amp; MARTIN SL informiert \u00fcber die folgenden Daten:<\/p>\n<p>Der Eigent\u00fcmer dieser Website ist FAMILY CASTRO &amp; MARTIN SL, mit CIF B07772809 und Sitz in TRITON SN 07400, ALCUDIA (ILLES BALEARS), eingetragen im Handelsregister, Band 1361, Folio 191, Seite PM-23355 und Eintragung 1a. Die E-Mail-Adresse f\u00fcr die Kontaktaufnahme mit dem Unternehmen lautet: <a href=\"mailto:info@macadecastro.com\" target=\"_blank\" rel=\"noopener\">info@macadecastro.com<\/a>.<\/p>\n<h2>Usuario und Haftungsregelung<\/h2>\n<p>Das Browsen, der Zugang und die Nutzung der Website von FAMILY CASTRO &amp; MARTIN SL stellt eine Benutzungsbedingung dar, mit der der Benutzer durch das Browsen auf der Website von FAMILY CASTRO &amp; MARTIN SL alle hier festgelegten Nutzungsbedingungen akzeptiert, unbeschadet der Anwendung der entsprechenden Vorschriften zur Einhaltung der gesetzlichen Bestimmungen, soweit anwendbar.<\/p>\n<p>Die Website von FAMILY CASTRO &amp; MARTIN SL bietet eine breite Palette von Informationen, Dienstleistungen und Daten. Der Nutzer \u00fcbernimmt die Verantwortung f\u00fcr die korrekte Nutzung der Website. Diese Verantwortung erstreckt sich auf:<\/p>\n<p>&#8211; Die Wahrhaftigkeit und Rechtm\u00e4\u00dfigkeit der Informationen, die der Nutzer in den von FAMILY CASTRO &amp; MARTIN SL bereitgestellten Formularen f\u00fcr den Zugang zu bestimmten Inhalten oder Dienstleistungen der Website angibt.<br \/>&#8211; Die Nutzung der von FAMILY CASTRO &amp; MARTIN SL angebotenen Informationen, Dienstleistungen und Daten verst\u00f6\u00dft gegen die Bestimmungen der vorliegenden Bedingungen, das Gesetz, die Moral, die guten Sitten oder die \u00f6ffentliche Ordnung oder kann auf andere Weise die Rechte Dritter oder den Betrieb der Website beeintr\u00e4chtigen.<\/p>\n<h2>Verlinkungspolitik und Haftungsausschl\u00fcsse<\/h2>\n<p>FAMILY CASTRO &amp; MARTIN SL ist nicht verantwortlich f\u00fcr den Inhalt der Websites, auf die der Benutzer \u00fcber die auf ihrer Website eingerichteten Links zugreifen kann, und erkl\u00e4rt, dass sie unter keinen Umst\u00e4nden den Inhalt anderer Websites \u00fcberpr\u00fcft oder kontrolliert. Ebenso wenig garantiert sie die technische Verf\u00fcgbarkeit, die Genauigkeit, die Richtigkeit, die G\u00fcltigkeit oder die Rechtm\u00e4\u00dfigkeit von Websites, die nicht in ihrem Besitz sind und auf die \u00fcber die Links zugegriffen werden kann.<\/p>\n<p>FAMILY CASTRO &amp; MARTIN SL erkl\u00e4rt, dass sie alle notwendigen Ma\u00dfnahmen ergriffen hat, um jegliche Sch\u00e4den zu vermeiden, die den Nutzern ihrer Website durch das Surfen auf der Website entstehen k\u00f6nnen; Folglich haftet FAMILY CASTRO &amp; MARTIN SL in keinem Fall f\u00fcr Sch\u00e4den, die der Benutzer beim Surfen im Internet erleiden k\u00f6nnte;<\/p>\n<h2>\u00c4nderungen<\/h2>\n<p>FAMILY CASTRO &amp; MARTIN SL beh\u00e4lt sich das Recht vor, ohne vorherige Ank\u00fcndigung \u00c4nderungen am Inhalt der Website vorzunehmen, die sie f\u00fcr angemessen h\u00e4lt. Dies gilt sowohl f\u00fcr den Inhalt der Website als auch f\u00fcr die Bedingungen f\u00fcr ihre Nutzung. Solche \u00c4nderungen k\u00f6nnen \u00fcber die Website mit allen rechtlich zul\u00e4ssigen Mitteln vorgenommen werden und sind so lange verbindlich, wie sie auf der Website ver\u00f6ffentlicht sind und bis sie durch sp\u00e4tere \u00c4nderungen rechtskr\u00e4ftig ge\u00e4ndert werden.<\/p>\n<\/article>\n<\/div>\n<div class=\"reservations__content\">\n<h2>Datenschutz<\/h2>\n<p>In \u00dcbereinstimmung mit dem Gesetz 15\/1999 \u00fcber den Schutz personenbezogener Daten (LOPD) informiert FAMILY CASTRO &amp; MARTIN SL die Nutzer ihrer Website dar\u00fcber, dass alle personenbezogenen Daten, die das Unternehmen \u00fcber die Formulare auf seiner Website erfasst, in einer automatisierten Datei unter der Verantwortung von FAMILY CASTRO &amp; MARTIN SL gespeichert werden, um die zwischen den beiden Parteien eingegangenen Verpflichtungen zu erleichtern, zu beschleunigen und zu erf\u00fcllen.<\/p>\n<p>Ebenso informiert FAMILY CASTRO &amp; MARTIN SL \u00fcber die M\u00f6glichkeit, die Rechte auf Zugang, Berichtigung, L\u00f6schung und Widerspruch auszu\u00fcben, indem sie an die Adresse TRITON SN 07400, ALCUDIA (ILLES BALEARS) schreibt.<\/p>\n<p>Solange der Nutzer FAMILY CASTRO &amp; MARTIN SL nichts anderes mitteilt, geht dieser davon aus, dass seine Daten nicht ge\u00e4ndert wurden, dass der Nutzer sich verpflichtet, FAMILY CASTRO &amp; MARTIN SL jede \u00c4nderung mitzuteilen, und dass FAMILY CASTRO &amp; MARTIN SL die Erlaubnis hat, sie zu verwenden, um die Treue der Beziehung zwischen den Parteien aufrechtzuerhalten.<\/p>\n<h2>Geistiges und gewerbliches Eigentum<\/h2>\n<p>FAMILY CASTRO &amp; MARTIN SL, selbst oder als Bevollm\u00e4chtigter, ist Eigent\u00fcmer aller geistigen und gewerblichen Eigentumsrechte seiner Website sowie der darin enthaltenen Elemente (einschlie\u00dflich, aber nicht beschr\u00e4nkt auf Bilder, Ton, Audio, Video, Software oder Texte; Marken oder Logos, Farbkombinationen, Struktur und Design, Auswahl der verwendeten Materialien, Computerprogramme, die f\u00fcr den Betrieb, den Zugang und die Nutzung erforderlich sind, usw.), die FAMILY CASTRO &amp; MARTIN SL geh\u00f6ren. Es handelt sich also um Werke, die als geistiges Eigentum durch das spanische Rechtssystem gesch\u00fctzt sind, und sowohl die spanischen als auch die gemeinschaftlichen Rechtsvorschriften in diesem Bereich sowie die von Spanien unterzeichneten internationalen Vertr\u00e4ge in diesem Bereich sind auf sie anwendbar.<\/p>\n<p>Alle Rechte vorbehalten. Gem\u00e4\u00df den Bestimmungen der Artikel 8 und 32.1, zweiter Absatz, des Gesetzes \u00fcber geistiges Eigentum sind die Vervielf\u00e4ltigung, die Verbreitung und die \u00f6ffentliche Wiedergabe, einschlie\u00dflich der Bereitstellung, des gesamten oder eines Teils des Inhalts dieser Website zu kommerziellen Zwecken, in jedem Medium und mit allen technischen Mitteln, ohne die Genehmigung von FAMILY CASTRO &amp; MARTIN SL, ausdr\u00fccklich verboten.<\/p>\n<p>Der Benutzer verpflichtet sich, die Rechte des geistigen und gewerblichen Eigentums von FAMILY CASTRO &amp; MARTIN SL zu respektieren. Sie d\u00fcrfen die Elemente des Portals ansehen und sogar ausdrucken, kopieren und auf der Festplatte Ihres Computers oder auf einem anderen physischen Medium speichern, sofern dies einzig und allein zu Ihrem pers\u00f6nlichen und privaten Gebrauch geschieht. Der Nutzer verpflichtet sich, keine Schutzvorrichtungen oder Sicherheitssysteme, die auf den Seiten von FAMILY CASTRO &amp; MARTIN SL installiert sind, zu l\u00f6schen, zu ver\u00e4ndern, zu umgehen oder zu manipulieren.<\/p>\n<h2>Rechtliche Schritte, anwendbares Recht und Gerichtsbarkeit<\/h2>\n<p>FAMILY CASTRO &amp; MARTIN SL beh\u00e4lt sich au\u00dferdem das Recht vor, zivil- oder strafrechtliche Schritte einzuleiten, die sie f\u00fcr die missbr\u00e4uchliche Nutzung ihrer Website und ihrer Inhalte oder f\u00fcr die Verletzung der vorliegenden Bedingungen f\u00fcr angemessen h\u00e4lt.<\/p>\n<p>Die Beziehung zwischen dem Nutzer und dem Anbieter unterliegt den geltenden und auf spanischem Gebiet anwendbaren Vorschriften. Im Falle von Streitigkeiten k\u00f6nnen die Parteien ihre Streitigkeiten einem Schiedsgericht oder den ordentlichen Gerichten gem\u00e4\u00df den diesbez\u00fcglichen Vorschriften \u00fcber die Zust\u00e4ndigkeit und die Befugnisse vorlegen. FAMILY CASTRO &amp; MARTIN SL hat seinen Sitz in ILLES BALEARS, Spanien.<\/p>\n<\/div>\n<\/article>\n<\/div>\n\t\t\t\t\t\t\t\t<\/div>\n\t\t\t\t<\/div>\n\t\t\t\t<\/div>\n\t\t\t\t<\/div>\n\t\t\t\t<\/div>\n\t\t\t\t<\/div>\n\t\t","protected":false},"excerpt":{"rendered":"<p>Datenschutzbestimmungen Bedingungen f\u00fcr die Nutzung Gem\u00e4\u00df dem Gesetz 34\/2002 vom 11. Juli \u00fcber die Dienstleistungen der Informationsgesellschaft und den elektronischen Handel (LSSI-CE) teilt FAMILY CASTRO &amp; MARTIN SL mit, dass sie Eigent\u00fcmer der Website www.restaurantejardin.com ist. In \u00dcbereinstimmung mit den Anforderungen des Artikels 10 des oben genannten Gesetzes, FAMILY CASTRO &amp; MARTIN SL informiert \u00fcber [&hellip;]<\/p>\n","protected":false},"author":1,"featured_media":0,"parent":0,"menu_order":0,"comment_status":"closed","ping_status":"closed","template":"","meta":{"footnotes":""},"class_list":["post-2045","page","type-page","status-publish","hentry"],"yoast_head":"<!-- This site is optimized with the Yoast SEO plugin v27.5 - https:\/\/yoast.com\/product\/yoast-seo-wordpress\/ -->\n<title>Datenschutzbestimmungen | Maca de Castro<\/title>\n<meta name=\"robots\" content=\"index, follow, max-snippet:-1, max-image-preview:large, max-video-preview:-1\" \/>\n<link rel=\"canonical\" href=\"https:\/\/macadecastro.com\/de\/datenschutzbestimmungen\/\" \/>\n<meta property=\"og:locale\" content=\"de_DE\" \/>\n<meta property=\"og:type\" content=\"article\" \/>\n<meta property=\"og:title\" content=\"Datenschutzbestimmungen | Maca de Castro\" \/>\n<meta property=\"og:description\" content=\"Datenschutzbestimmungen Bedingungen f\u00fcr die Nutzung Gem\u00e4\u00df dem Gesetz 34\/2002 vom 11. Juli \u00fcber die Dienstleistungen der Informationsgesellschaft und den elektronischen Handel (LSSI-CE) teilt FAMILY CASTRO &amp; MARTIN SL mit, dass sie Eigent\u00fcmer der Website www.restaurantejardin.com ist. In \u00dcbereinstimmung mit den Anforderungen des Artikels 10 des oben genannten Gesetzes, FAMILY CASTRO &amp; MARTIN SL informiert \u00fcber [&hellip;]\" \/>\n<meta property=\"og:url\" content=\"https:\/\/macadecastro.com\/de\/datenschutzbestimmungen\/\" \/>\n<meta property=\"og:site_name\" content=\"Maca de Castro\" \/>\n<meta property=\"article:modified_time\" content=\"2024-04-29T18:19:16+00:00\" \/>\n<meta property=\"og:image\" content=\"https:\/\/macadecastro.com\/wp-content\/uploads\/2024\/04\/31082023-_DSC3003-1-1.png\" \/>\n<meta name=\"twitter:card\" content=\"summary_large_image\" \/>\n<script type=\"application\/ld+json\" class=\"yoast-schema-graph\">{\"@context\":\"https:\\\/\\\/schema.org\",\"@graph\":[{\"@type\":\"WebPage\",\"@id\":\"https:\\\/\\\/macadecastro.com\\\/de\\\/datenschutzbestimmungen\\\/\",\"url\":\"https:\\\/\\\/macadecastro.com\\\/de\\\/datenschutzbestimmungen\\\/\",\"name\":\"Datenschutzbestimmungen | Maca de Castro\",\"isPartOf\":{\"@id\":\"https:\\\/\\\/macadecastro.com\\\/de\\\/#website\"},\"primaryImageOfPage\":{\"@id\":\"https:\\\/\\\/macadecastro.com\\\/de\\\/datenschutzbestimmungen\\\/#primaryimage\"},\"image\":{\"@id\":\"https:\\\/\\\/macadecastro.com\\\/de\\\/datenschutzbestimmungen\\\/#primaryimage\"},\"thumbnailUrl\":\"https:\\\/\\\/macadecastro.com\\\/wp-content\\\/uploads\\\/2024\\\/04\\\/31082023-_DSC3003-1-1.png\",\"datePublished\":\"2024-04-29T11:24:53+00:00\",\"dateModified\":\"2024-04-29T18:19:16+00:00\",\"breadcrumb\":{\"@id\":\"https:\\\/\\\/macadecastro.com\\\/de\\\/datenschutzbestimmungen\\\/#breadcrumb\"},\"inLanguage\":\"de\",\"potentialAction\":[{\"@type\":\"ReadAction\",\"target\":[\"https:\\\/\\\/macadecastro.com\\\/de\\\/datenschutzbestimmungen\\\/\"]}]},{\"@type\":\"ImageObject\",\"inLanguage\":\"de\",\"@id\":\"https:\\\/\\\/macadecastro.com\\\/de\\\/datenschutzbestimmungen\\\/#primaryimage\",\"url\":\"https:\\\/\\\/macadecastro.com\\\/wp-content\\\/uploads\\\/2024\\\/04\\\/31082023-_DSC3003-1-1.png\",\"contentUrl\":\"https:\\\/\\\/macadecastro.com\\\/wp-content\\\/uploads\\\/2024\\\/04\\\/31082023-_DSC3003-1-1.png\"},{\"@type\":\"BreadcrumbList\",\"@id\":\"https:\\\/\\\/macadecastro.com\\\/de\\\/datenschutzbestimmungen\\\/#breadcrumb\",\"itemListElement\":[{\"@type\":\"ListItem\",\"position\":1,\"name\":\"Portada\",\"item\":\"https:\\\/\\\/macadecastro.com\\\/de\\\/startseite\\\/\"},{\"@type\":\"ListItem\",\"position\":2,\"name\":\"Datenschutzbestimmungen\"}]},{\"@type\":\"WebSite\",\"@id\":\"https:\\\/\\\/macadecastro.com\\\/de\\\/#website\",\"url\":\"https:\\\/\\\/macadecastro.com\\\/de\\\/\",\"name\":\"Restaurante Maca de Castro\",\"description\":\"Restaurante gastron\u00f3mico en el Puerto de Alc\u00fadia de la chef Maca de Castro\",\"publisher\":{\"@id\":\"https:\\\/\\\/macadecastro.com\\\/de\\\/#organization\"},\"potentialAction\":[{\"@type\":\"SearchAction\",\"target\":{\"@type\":\"EntryPoint\",\"urlTemplate\":\"https:\\\/\\\/macadecastro.com\\\/de\\\/?s={search_term_string}\"},\"query-input\":{\"@type\":\"PropertyValueSpecification\",\"valueRequired\":true,\"valueName\":\"search_term_string\"}}],\"inLanguage\":\"de\"},{\"@type\":\"Organization\",\"@id\":\"https:\\\/\\\/macadecastro.com\\\/de\\\/#organization\",\"name\":\"Restaurante Maca de Castro\",\"url\":\"https:\\\/\\\/macadecastro.com\\\/de\\\/\",\"logo\":{\"@type\":\"ImageObject\",\"inLanguage\":\"de\",\"@id\":\"https:\\\/\\\/macadecastro.com\\\/de\\\/#\\\/schema\\\/logo\\\/image\\\/\",\"url\":\"https:\\\/\\\/macadecastro.com\\\/wp-content\\\/uploads\\\/2024\\\/04\\\/Group-54.png\",\"contentUrl\":\"https:\\\/\\\/macadecastro.com\\\/wp-content\\\/uploads\\\/2024\\\/04\\\/Group-54.png\",\"width\":500,\"height\":45,\"caption\":\"Restaurante Maca de Castro\"},\"image\":{\"@id\":\"https:\\\/\\\/macadecastro.com\\\/de\\\/#\\\/schema\\\/logo\\\/image\\\/\"}}]}<\/script>\n<!-- \/ Yoast SEO plugin. -->","yoast_head_json":{"title":"Datenschutzbestimmungen | Maca de Castro","robots":{"index":"index","follow":"follow","max-snippet":"max-snippet:-1","max-image-preview":"max-image-preview:large","max-video-preview":"max-video-preview:-1"},"canonical":"https:\/\/macadecastro.com\/de\/datenschutzbestimmungen\/","og_locale":"de_DE","og_type":"article","og_title":"Datenschutzbestimmungen | Maca de Castro","og_description":"Datenschutzbestimmungen Bedingungen f\u00fcr die Nutzung Gem\u00e4\u00df dem Gesetz 34\/2002 vom 11. Juli \u00fcber die Dienstleistungen der Informationsgesellschaft und den elektronischen Handel (LSSI-CE) teilt FAMILY CASTRO &amp; MARTIN SL mit, dass sie Eigent\u00fcmer der Website www.restaurantejardin.com ist. In \u00dcbereinstimmung mit den Anforderungen des Artikels 10 des oben genannten Gesetzes, FAMILY CASTRO &amp; MARTIN SL informiert \u00fcber [&hellip;]","og_url":"https:\/\/macadecastro.com\/de\/datenschutzbestimmungen\/","og_site_name":"Maca de Castro","article_modified_time":"2024-04-29T18:19:16+00:00","og_image":[{"url":"https:\/\/macadecastro.com\/wp-content\/uploads\/2024\/04\/31082023-_DSC3003-1-1.png","type":"","width":"","height":""}],"twitter_card":"summary_large_image","schema":{"@context":"https:\/\/schema.org","@graph":[{"@type":"WebPage","@id":"https:\/\/macadecastro.com\/de\/datenschutzbestimmungen\/","url":"https:\/\/macadecastro.com\/de\/datenschutzbestimmungen\/","name":"Datenschutzbestimmungen | Maca de Castro","isPartOf":{"@id":"https:\/\/macadecastro.com\/de\/#website"},"primaryImageOfPage":{"@id":"https:\/\/macadecastro.com\/de\/datenschutzbestimmungen\/#primaryimage"},"image":{"@id":"https:\/\/macadecastro.com\/de\/datenschutzbestimmungen\/#primaryimage"},"thumbnailUrl":"https:\/\/macadecastro.com\/wp-content\/uploads\/2024\/04\/31082023-_DSC3003-1-1.png","datePublished":"2024-04-29T11:24:53+00:00","dateModified":"2024-04-29T18:19:16+00:00","breadcrumb":{"@id":"https:\/\/macadecastro.com\/de\/datenschutzbestimmungen\/#breadcrumb"},"inLanguage":"de","potentialAction":[{"@type":"ReadAction","target":["https:\/\/macadecastro.com\/de\/datenschutzbestimmungen\/"]}]},{"@type":"ImageObject","inLanguage":"de","@id":"https:\/\/macadecastro.com\/de\/datenschutzbestimmungen\/#primaryimage","url":"https:\/\/macadecastro.com\/wp-content\/uploads\/2024\/04\/31082023-_DSC3003-1-1.png","contentUrl":"https:\/\/macadecastro.com\/wp-content\/uploads\/2024\/04\/31082023-_DSC3003-1-1.png"},{"@type":"BreadcrumbList","@id":"https:\/\/macadecastro.com\/de\/datenschutzbestimmungen\/#breadcrumb","itemListElement":[{"@type":"ListItem","position":1,"name":"Portada","item":"https:\/\/macadecastro.com\/de\/startseite\/"},{"@type":"ListItem","position":2,"name":"Datenschutzbestimmungen"}]},{"@type":"WebSite","@id":"https:\/\/macadecastro.com\/de\/#website","url":"https:\/\/macadecastro.com\/de\/","name":"Restaurante Maca de Castro","description":"Restaurante gastron\u00f3mico en el Puerto de Alc\u00fadia de la chef Maca de Castro","publisher":{"@id":"https:\/\/macadecastro.com\/de\/#organization"},"potentialAction":[{"@type":"SearchAction","target":{"@type":"EntryPoint","urlTemplate":"https:\/\/macadecastro.com\/de\/?s={search_term_string}"},"query-input":{"@type":"PropertyValueSpecification","valueRequired":true,"valueName":"search_term_string"}}],"inLanguage":"de"},{"@type":"Organization","@id":"https:\/\/macadecastro.com\/de\/#organization","name":"Restaurante Maca de Castro","url":"https:\/\/macadecastro.com\/de\/","logo":{"@type":"ImageObject","inLanguage":"de","@id":"https:\/\/macadecastro.com\/de\/#\/schema\/logo\/image\/","url":"https:\/\/macadecastro.com\/wp-content\/uploads\/2024\/04\/Group-54.png","contentUrl":"https:\/\/macadecastro.com\/wp-content\/uploads\/2024\/04\/Group-54.png","width":500,"height":45,"caption":"Restaurante Maca de Castro"},"image":{"@id":"https:\/\/macadecastro.com\/de\/#\/schema\/logo\/image\/"}}]}},"_links":{"self":[{"href":"https:\/\/macadecastro.com\/de\/wp-json\/wp\/v2\/pages\/2045","targetHints":{"allow":["GET"]}}],"collection":[{"href":"https:\/\/macadecastro.com\/de\/wp-json\/wp\/v2\/pages"}],"about":[{"href":"https:\/\/macadecastro.com\/de\/wp-json\/wp\/v2\/types\/page"}],"author":[{"embeddable":true,"href":"https:\/\/macadecastro.com\/de\/wp-json\/wp\/v2\/users\/1"}],"replies":[{"embeddable":true,"href":"https:\/\/macadecastro.com\/de\/wp-json\/wp\/v2\/comments?post=2045"}],"version-history":[{"count":0,"href":"https:\/\/macadecastro.com\/de\/wp-json\/wp\/v2\/pages\/2045\/revisions"}],"wp:attachment":[{"href":"https:\/\/macadecastro.com\/de\/wp-json\/wp\/v2\/media?parent=2045"}],"curies":[{"name":"wp","href":"https:\/\/api.w.org\/{rel}","templated":true}]}}