{"id":2577,"date":"2025-08-21T17:48:37","date_gmt":"2025-08-21T17:48:37","guid":{"rendered":"https:\/\/macadecastro.com\/menue\/"},"modified":"2025-08-24T10:32:39","modified_gmt":"2025-08-24T10:32:39","slug":"menue","status":"publish","type":"page","link":"https:\/\/macadecastro.com\/de\/menue\/","title":{"rendered":"Men\u00fc"},"content":{"rendered":"\t\t<div data-elementor-type=\"wp-page\" data-elementor-id=\"2577\" class=\"elementor elementor-2577 elementor-2566\" data-elementor-post-type=\"page\">\n\t\t\t\t<div class=\"elementor-element elementor-element-1c7daa98 e-con-full elementor-hidden-tablet elementor-hidden-mobile e-flex e-con e-child\" data-id=\"1c7daa98\" data-element_type=\"container\" data-settings=\"{&quot;background_background&quot;:&quot;classic&quot;}\">\n\t\t<div class=\"elementor-element elementor-element-54500acf e-con-full e-flex e-con e-child\" data-id=\"54500acf\" data-element_type=\"container\" data-settings=\"{&quot;background_background&quot;:&quot;classic&quot;}\">\n\t\t<div class=\"elementor-element elementor-element-14bbd76e e-con-full e-flex e-con e-child\" data-id=\"14bbd76e\" data-element_type=\"container\" data-settings=\"{&quot;background_background&quot;:&quot;classic&quot;}\">\n\t\t\t\t<div class=\"elementor-element elementor-element-292a8f6 elementor-widget elementor-widget-image\" data-id=\"292a8f6\" data-element_type=\"widget\" data-settings=\"{&quot;sticky&quot;:&quot;top&quot;,&quot;sticky_on&quot;:[&quot;desktop&quot;,&quot;tablet&quot;,&quot;mobile&quot;],&quot;sticky_offset&quot;:0,&quot;sticky_effects_offset&quot;:0,&quot;sticky_anchor_link_offset&quot;:0}\" data-widget_type=\"image.default\">\n\t\t\t\t<div class=\"elementor-widget-container\">\n\t\t\t\t\t\t\t\t\t\t\t\t\t\t\t<img fetchpriority=\"high\" decoding=\"async\" width=\"1512\" height=\"1964\" src=\"https:\/\/macadecastro.com\/wp-content\/uploads\/2024\/04\/31082023-_DSC2913-9-2.png\" class=\"attachment-full size-full wp-image-2012\" alt=\"\" srcset=\"https:\/\/macadecastro.com\/wp-content\/uploads\/2024\/04\/31082023-_DSC2913-9-2.png 1512w, https:\/\/macadecastro.com\/wp-content\/uploads\/2024\/04\/31082023-_DSC2913-9-2-231x300.png 231w, https:\/\/macadecastro.com\/wp-content\/uploads\/2024\/04\/31082023-_DSC2913-9-2-788x1024.png 788w, https:\/\/macadecastro.com\/wp-content\/uploads\/2024\/04\/31082023-_DSC2913-9-2-115x150.png 115w, https:\/\/macadecastro.com\/wp-content\/uploads\/2024\/04\/31082023-_DSC2913-9-2-768x998.png 768w, https:\/\/macadecastro.com\/wp-content\/uploads\/2024\/04\/31082023-_DSC2913-9-2-1183x1536.png 1183w\" sizes=\"(max-width: 1512px) 100vw, 1512px\" \/>\t\t\t\t\t\t\t\t\t\t\t\t\t\t\t<\/div>\n\t\t\t\t<\/div>\n\t\t\t\t<\/div>\n\t\t<div class=\"elementor-element elementor-element-40512b06 e-con-full e-flex e-con e-child\" data-id=\"40512b06\" data-element_type=\"container\" data-settings=\"{&quot;background_background&quot;:&quot;classic&quot;}\">\n\t\t<div class=\"elementor-element elementor-element-063bc76 e-con-full e-flex e-con e-child\" data-id=\"063bc76\" data-element_type=\"container\">\n\t\t<div class=\"elementor-element elementor-element-d95d20d e-con-full e-flex e-con e-child\" data-id=\"d95d20d\" data-element_type=\"container\">\n\t\t<div class=\"elementor-element elementor-element-f9b7044 e-con-full e-flex e-con e-child\" data-id=\"f9b7044\" data-element_type=\"container\">\n\t\t\t\t<div class=\"elementor-element elementor-element-15ddba6 elementor-widget elementor-widget-text-editor\" data-id=\"15ddba6\" data-element_type=\"widget\" data-widget_type=\"text-editor.default\">\n\t\t\t\t<div class=\"elementor-widget-container\">\n\t\t\t\t\t\t\t\t\t<p>Men\u00fc<\/p>\t\t\t\t\t\t\t\t<\/div>\n\t\t\t\t<\/div>\n\t\t\t\t<\/div>\n\t\t<div class=\"elementor-element elementor-element-dc5af86 e-con-full e-flex e-con e-child\" data-id=\"dc5af86\" data-element_type=\"container\">\n\t\t\t\t<div class=\"elementor-element elementor-element-808ef89 elementor-widget elementor-widget-text-editor\" data-id=\"808ef89\" data-element_type=\"widget\" data-widget_type=\"text-editor.default\">\n\t\t\t\t<div class=\"elementor-widget-container\">\n\t\t\t\t\t\t\t\t\t<p>Unser Degustationsmen\u00fc spiegelt unsere Art des Kochens wider: aufmerksam auf unsere Umgebung zu h\u00f6ren, ausschlie\u00dflich mit lokalen Produkten zu arbeiten und den Jahreszeiten den Rhythmus vorzugeben. Jeder Gang entsteht aus der mallorquinischen Landschaft, aus dem, was Land und Meer im besten Moment schenken.<\/p><p>Preis: 165 \u20ac (inkl. MwSt.)<br>Getr\u00e4nke nicht inbegriffen<\/p><p>Weinbegleitungen<\/p><p>Mallorca \u2013 Eine Auswahl von 4 Weinen, die das Men\u00fc aus dem Blickwinkel unserer Insel begleiten. (50 \u20ac)<\/p><p>National \u2013 Eine Reise mit 9 Weinen, die im Einklang mit jeder Jahreszeit und jedem Gang stehen. (100 \u20ac)<\/p>\t\t\t\t\t\t\t\t<\/div>\n\t\t\t\t<\/div>\n\t\t\t\t<\/div>\n\t\t\t\t<\/div>\n\t\t\t\t<\/div>\n\t\t\t\t<\/div>\n\t\t\t\t<\/div>\n\t\t\t\t<\/div>\n\t\t<div class=\"elementor-element elementor-element-2e08ddd e-con-full elementor-hidden-desktop e-flex e-con e-child\" data-id=\"2e08ddd\" data-element_type=\"container\" data-settings=\"{&quot;background_background&quot;:&quot;classic&quot;}\">\n\t\t<div class=\"elementor-element elementor-element-4842dfc e-con-full e-flex e-con e-child\" data-id=\"4842dfc\" data-element_type=\"container\">\n\t\t\t\t<div class=\"elementor-element elementor-element-46abee3 elementor-widget elementor-widget-image\" data-id=\"46abee3\" data-element_type=\"widget\" data-widget_type=\"image.default\">\n\t\t\t\t<div class=\"elementor-widget-container\">\n\t\t\t\t\t\t\t\t\t\t\t\t\t\t\t<img decoding=\"async\" width=\"788\" height=\"1024\" src=\"https:\/\/macadecastro.com\/wp-content\/uploads\/2024\/04\/31082023-_DSC2913-9-2-788x1024.png\" class=\"attachment-large size-large wp-image-2012\" alt=\"\" srcset=\"https:\/\/macadecastro.com\/wp-content\/uploads\/2024\/04\/31082023-_DSC2913-9-2-788x1024.png 788w, https:\/\/macadecastro.com\/wp-content\/uploads\/2024\/04\/31082023-_DSC2913-9-2-231x300.png 231w, https:\/\/macadecastro.com\/wp-content\/uploads\/2024\/04\/31082023-_DSC2913-9-2-115x150.png 115w, https:\/\/macadecastro.com\/wp-content\/uploads\/2024\/04\/31082023-_DSC2913-9-2-768x998.png 768w, https:\/\/macadecastro.com\/wp-content\/uploads\/2024\/04\/31082023-_DSC2913-9-2-1183x1536.png 1183w, https:\/\/macadecastro.com\/wp-content\/uploads\/2024\/04\/31082023-_DSC2913-9-2.png 1512w\" sizes=\"(max-width: 788px) 100vw, 788px\" \/>\t\t\t\t\t\t\t\t\t\t\t\t\t\t\t<\/div>\n\t\t\t\t<\/div>\n\t\t<div class=\"elementor-element elementor-element-ba0faf5 e-con-full e-flex e-con e-child\" data-id=\"ba0faf5\" data-element_type=\"container\">\n\t\t<div class=\"elementor-element elementor-element-e6d622a e-con-full e-flex e-con e-child\" data-id=\"e6d622a\" data-element_type=\"container\">\n\t\t<div class=\"elementor-element elementor-element-3774edd e-con-full e-flex e-con e-child\" data-id=\"3774edd\" data-element_type=\"container\">\n\t\t\t\t<div class=\"elementor-element elementor-element-5daaff1 elementor-widget elementor-widget-text-editor\" data-id=\"5daaff1\" data-element_type=\"widget\" data-widget_type=\"text-editor.default\">\n\t\t\t\t<div class=\"elementor-widget-container\">\n\t\t\t\t\t\t\t\t\t<p>Degustationsmen\u00fc<\/p>\t\t\t\t\t\t\t\t<\/div>\n\t\t\t\t<\/div>\n\t\t\t\t<\/div>\n\t\t<div class=\"elementor-element elementor-element-6f7f4c0 e-con-full e-flex e-con e-child\" data-id=\"6f7f4c0\" data-element_type=\"container\">\n\t\t\t\t<div class=\"elementor-element elementor-element-0fa4e87 elementor-widget elementor-widget-text-editor\" data-id=\"0fa4e87\" data-element_type=\"widget\" data-widget_type=\"text-editor.default\">\n\t\t\t\t<div class=\"elementor-widget-container\">\n\t\t\t\t\t\t\t\t\t<p>Unser Degustationsmen\u00fc spiegelt unsere Art des Kochens wider: aufmerksam auf unsere Umgebung zu h\u00f6ren, ausschlie\u00dflich mit lokalen Produkten zu arbeiten und den Jahreszeiten den Rhythmus vorzugeben. Jeder Gang entsteht aus der mallorquinischen Landschaft, aus dem, was Land und Meer im besten Moment schenken.<\/p><p>Zehn Kreationen, die sich mit den Jahreszeiten entwickeln und mit Schlichtheit und Respekt von dem Ort erz\u00e4hlen, zu dem wir geh\u00f6ren.<\/p><p>Preis: 165 \u20ac (inkl. MwSt.)<br>Getr\u00e4nke nicht inbegriffen<\/p><p>Weinbegleitungen<\/p><p>Mallorca \u2013 Eine Auswahl von 4 Weinen, die das Men\u00fc aus dem Blickwinkel unserer Insel begleiten. (50 \u20ac)<\/p><p>National \u2013 Eine Reise mit 9 Weinen, die im Einklang mit jeder Jahreszeit und jedem Gang stehen. (100 \u20ac)<\/p>\t\t\t\t\t\t\t\t<\/div>\n\t\t\t\t<\/div>\n\t\t\t\t<\/div>\n\t\t\t\t<\/div>\n\t\t\t\t<\/div>\n\t\t\t\t<\/div>\n\t\t\t\t<\/div>\n\t\t\t\t<\/div>\n\t\t","protected":false},"excerpt":{"rendered":"<p>Men\u00fc Unser Degustationsmen\u00fc spiegelt unsere Art des Kochens wider: aufmerksam auf unsere Umgebung zu h\u00f6ren, ausschlie\u00dflich mit lokalen Produkten zu arbeiten und den Jahreszeiten den Rhythmus vorzugeben. Jeder Gang entsteht aus der mallorquinischen Landschaft, aus dem, was Land und Meer im besten Moment schenken. Preis: 165 \u20ac (inkl. MwSt.)Getr\u00e4nke nicht inbegriffen Weinbegleitungen Mallorca \u2013 Eine [&hellip;]<\/p>\n","protected":false},"author":1,"featured_media":0,"parent":0,"menu_order":0,"comment_status":"closed","ping_status":"closed","template":"","meta":{"footnotes":""},"class_list":["post-2577","page","type-page","status-publish","hentry"],"yoast_head":"<!-- This site is optimized with the Yoast SEO plugin v26.3 - https:\/\/yoast.com\/wordpress\/plugins\/seo\/ -->\n<title>Men\u00fc | Maca de Castro<\/title>\n<meta name=\"robots\" content=\"index, follow, max-snippet:-1, max-image-preview:large, max-video-preview:-1\" \/>\n<link rel=\"canonical\" href=\"https:\/\/macadecastro.com\/de\/menue\/\" \/>\n<meta property=\"og:locale\" content=\"de_DE\" \/>\n<meta property=\"og:type\" content=\"article\" \/>\n<meta property=\"og:title\" content=\"Men\u00fc | Maca de Castro\" \/>\n<meta property=\"og:description\" content=\"Men\u00fc Unser Degustationsmen\u00fc spiegelt unsere Art des Kochens wider: aufmerksam auf unsere Umgebung zu h\u00f6ren, ausschlie\u00dflich mit lokalen Produkten zu arbeiten und den Jahreszeiten den Rhythmus vorzugeben. Jeder Gang entsteht aus der mallorquinischen Landschaft, aus dem, was Land und Meer im besten Moment schenken. Preis: 165 \u20ac (inkl. MwSt.)Getr\u00e4nke nicht inbegriffen Weinbegleitungen Mallorca \u2013 Eine [&hellip;]\" \/>\n<meta property=\"og:url\" content=\"https:\/\/macadecastro.com\/de\/menue\/\" \/>\n<meta property=\"og:site_name\" content=\"Maca de Castro\" \/>\n<meta property=\"article:modified_time\" content=\"2025-08-24T10:32:39+00:00\" \/>\n<meta property=\"og:image\" content=\"https:\/\/macadecastro.com\/wp-content\/uploads\/2024\/04\/31082023-_DSC2913-9-2.png\" \/>\n\t<meta property=\"og:image:width\" content=\"1512\" \/>\n\t<meta property=\"og:image:height\" content=\"1964\" \/>\n\t<meta property=\"og:image:type\" content=\"image\/png\" \/>\n<meta name=\"twitter:card\" content=\"summary_large_image\" \/>\n<meta name=\"twitter:label1\" content=\"Gesch\u00e4tzte Lesezeit\" \/>\n\t<meta name=\"twitter:data1\" content=\"1\u00a0Minute\" \/>\n<script type=\"application\/ld+json\" class=\"yoast-schema-graph\">{\"@context\":\"https:\/\/schema.org\",\"@graph\":[{\"@type\":\"WebPage\",\"@id\":\"https:\/\/macadecastro.com\/de\/menue\/\",\"url\":\"https:\/\/macadecastro.com\/de\/menue\/\",\"name\":\"Men\u00fc | Maca de Castro\",\"isPartOf\":{\"@id\":\"https:\/\/macadecastro.com\/de\/#website\"},\"primaryImageOfPage\":{\"@id\":\"https:\/\/macadecastro.com\/de\/menue\/#primaryimage\"},\"image\":{\"@id\":\"https:\/\/macadecastro.com\/de\/menue\/#primaryimage\"},\"thumbnailUrl\":\"https:\/\/macadecastro.com\/wp-content\/uploads\/2024\/04\/31082023-_DSC2913-9-2.png\",\"datePublished\":\"2025-08-21T17:48:37+00:00\",\"dateModified\":\"2025-08-24T10:32:39+00:00\",\"breadcrumb\":{\"@id\":\"https:\/\/macadecastro.com\/de\/menue\/#breadcrumb\"},\"inLanguage\":\"de\",\"potentialAction\":[{\"@type\":\"ReadAction\",\"target\":[\"https:\/\/macadecastro.com\/de\/menue\/\"]}]},{\"@type\":\"ImageObject\",\"inLanguage\":\"de\",\"@id\":\"https:\/\/macadecastro.com\/de\/menue\/#primaryimage\",\"url\":\"https:\/\/macadecastro.com\/wp-content\/uploads\/2024\/04\/31082023-_DSC2913-9-2.png\",\"contentUrl\":\"https:\/\/macadecastro.com\/wp-content\/uploads\/2024\/04\/31082023-_DSC2913-9-2.png\"},{\"@type\":\"BreadcrumbList\",\"@id\":\"https:\/\/macadecastro.com\/de\/menue\/#breadcrumb\",\"itemListElement\":[{\"@type\":\"ListItem\",\"position\":1,\"name\":\"Portada\",\"item\":\"https:\/\/macadecastro.com\/de\/startseite\/\"},{\"@type\":\"ListItem\",\"position\":2,\"name\":\"Men\u00fc\"}]},{\"@type\":\"WebSite\",\"@id\":\"https:\/\/macadecastro.com\/de\/#website\",\"url\":\"https:\/\/macadecastro.com\/de\/\",\"name\":\"Restaurante Maca de Castro\",\"description\":\"Restaurante gastron\u00f3mico en el Puerto de Alc\u00fadia de la chef Maca de Castro\",\"publisher\":{\"@id\":\"https:\/\/macadecastro.com\/de\/#organization\"},\"potentialAction\":[{\"@type\":\"SearchAction\",\"target\":{\"@type\":\"EntryPoint\",\"urlTemplate\":\"https:\/\/macadecastro.com\/de\/?s={search_term_string}\"},\"query-input\":{\"@type\":\"PropertyValueSpecification\",\"valueRequired\":true,\"valueName\":\"search_term_string\"}}],\"inLanguage\":\"de\"},{\"@type\":\"Organization\",\"@id\":\"https:\/\/macadecastro.com\/de\/#organization\",\"name\":\"Restaurante Maca de Castro\",\"url\":\"https:\/\/macadecastro.com\/de\/\",\"logo\":{\"@type\":\"ImageObject\",\"inLanguage\":\"de\",\"@id\":\"https:\/\/macadecastro.com\/de\/#\/schema\/logo\/image\/\",\"url\":\"https:\/\/macadecastro.com\/wp-content\/uploads\/2024\/04\/Group-54.png\",\"contentUrl\":\"https:\/\/macadecastro.com\/wp-content\/uploads\/2024\/04\/Group-54.png\",\"width\":500,\"height\":45,\"caption\":\"Restaurante Maca de Castro\"},\"image\":{\"@id\":\"https:\/\/macadecastro.com\/de\/#\/schema\/logo\/image\/\"}}]}<\/script>\n<!-- \/ Yoast SEO plugin. -->","yoast_head_json":{"title":"Men\u00fc | Maca de Castro","robots":{"index":"index","follow":"follow","max-snippet":"max-snippet:-1","max-image-preview":"max-image-preview:large","max-video-preview":"max-video-preview:-1"},"canonical":"https:\/\/macadecastro.com\/de\/menue\/","og_locale":"de_DE","og_type":"article","og_title":"Men\u00fc | Maca de Castro","og_description":"Men\u00fc Unser Degustationsmen\u00fc spiegelt unsere Art des Kochens wider: aufmerksam auf unsere Umgebung zu h\u00f6ren, ausschlie\u00dflich mit lokalen Produkten zu arbeiten und den Jahreszeiten den Rhythmus vorzugeben. Jeder Gang entsteht aus der mallorquinischen Landschaft, aus dem, was Land und Meer im besten Moment schenken. Preis: 165 \u20ac (inkl. MwSt.)Getr\u00e4nke nicht inbegriffen Weinbegleitungen Mallorca \u2013 Eine [&hellip;]","og_url":"https:\/\/macadecastro.com\/de\/menue\/","og_site_name":"Maca de Castro","article_modified_time":"2025-08-24T10:32:39+00:00","og_image":[{"width":1512,"height":1964,"url":"https:\/\/macadecastro.com\/wp-content\/uploads\/2024\/04\/31082023-_DSC2913-9-2.png","type":"image\/png"}],"twitter_card":"summary_large_image","twitter_misc":{"Gesch\u00e4tzte Lesezeit":"1\u00a0Minute"},"schema":{"@context":"https:\/\/schema.org","@graph":[{"@type":"WebPage","@id":"https:\/\/macadecastro.com\/de\/menue\/","url":"https:\/\/macadecastro.com\/de\/menue\/","name":"Men\u00fc | Maca de Castro","isPartOf":{"@id":"https:\/\/macadecastro.com\/de\/#website"},"primaryImageOfPage":{"@id":"https:\/\/macadecastro.com\/de\/menue\/#primaryimage"},"image":{"@id":"https:\/\/macadecastro.com\/de\/menue\/#primaryimage"},"thumbnailUrl":"https:\/\/macadecastro.com\/wp-content\/uploads\/2024\/04\/31082023-_DSC2913-9-2.png","datePublished":"2025-08-21T17:48:37+00:00","dateModified":"2025-08-24T10:32:39+00:00","breadcrumb":{"@id":"https:\/\/macadecastro.com\/de\/menue\/#breadcrumb"},"inLanguage":"de","potentialAction":[{"@type":"ReadAction","target":["https:\/\/macadecastro.com\/de\/menue\/"]}]},{"@type":"ImageObject","inLanguage":"de","@id":"https:\/\/macadecastro.com\/de\/menue\/#primaryimage","url":"https:\/\/macadecastro.com\/wp-content\/uploads\/2024\/04\/31082023-_DSC2913-9-2.png","contentUrl":"https:\/\/macadecastro.com\/wp-content\/uploads\/2024\/04\/31082023-_DSC2913-9-2.png"},{"@type":"BreadcrumbList","@id":"https:\/\/macadecastro.com\/de\/menue\/#breadcrumb","itemListElement":[{"@type":"ListItem","position":1,"name":"Portada","item":"https:\/\/macadecastro.com\/de\/startseite\/"},{"@type":"ListItem","position":2,"name":"Men\u00fc"}]},{"@type":"WebSite","@id":"https:\/\/macadecastro.com\/de\/#website","url":"https:\/\/macadecastro.com\/de\/","name":"Restaurante Maca de Castro","description":"Restaurante gastron\u00f3mico en el Puerto de Alc\u00fadia de la chef Maca de Castro","publisher":{"@id":"https:\/\/macadecastro.com\/de\/#organization"},"potentialAction":[{"@type":"SearchAction","target":{"@type":"EntryPoint","urlTemplate":"https:\/\/macadecastro.com\/de\/?s={search_term_string}"},"query-input":{"@type":"PropertyValueSpecification","valueRequired":true,"valueName":"search_term_string"}}],"inLanguage":"de"},{"@type":"Organization","@id":"https:\/\/macadecastro.com\/de\/#organization","name":"Restaurante Maca de Castro","url":"https:\/\/macadecastro.com\/de\/","logo":{"@type":"ImageObject","inLanguage":"de","@id":"https:\/\/macadecastro.com\/de\/#\/schema\/logo\/image\/","url":"https:\/\/macadecastro.com\/wp-content\/uploads\/2024\/04\/Group-54.png","contentUrl":"https:\/\/macadecastro.com\/wp-content\/uploads\/2024\/04\/Group-54.png","width":500,"height":45,"caption":"Restaurante Maca de Castro"},"image":{"@id":"https:\/\/macadecastro.com\/de\/#\/schema\/logo\/image\/"}}]}},"_links":{"self":[{"href":"https:\/\/macadecastro.com\/de\/wp-json\/wp\/v2\/pages\/2577","targetHints":{"allow":["GET"]}}],"collection":[{"href":"https:\/\/macadecastro.com\/de\/wp-json\/wp\/v2\/pages"}],"about":[{"href":"https:\/\/macadecastro.com\/de\/wp-json\/wp\/v2\/types\/page"}],"author":[{"embeddable":true,"href":"https:\/\/macadecastro.com\/de\/wp-json\/wp\/v2\/users\/1"}],"replies":[{"embeddable":true,"href":"https:\/\/macadecastro.com\/de\/wp-json\/wp\/v2\/comments?post=2577"}],"version-history":[{"count":2,"href":"https:\/\/macadecastro.com\/de\/wp-json\/wp\/v2\/pages\/2577\/revisions"}],"predecessor-version":[{"id":2595,"href":"https:\/\/macadecastro.com\/de\/wp-json\/wp\/v2\/pages\/2577\/revisions\/2595"}],"wp:attachment":[{"href":"https:\/\/macadecastro.com\/de\/wp-json\/wp\/v2\/media?parent=2577"}],"curies":[{"name":"wp","href":"https:\/\/api.w.org\/{rel}","templated":true}]}}